{"id":5766,"date":"2022-12-05T12:19:00","date_gmt":"2022-12-05T11:19:00","guid":{"rendered":"https:\/\/cocinairis.com\/weihnachten\/"},"modified":"2023-12-22T17:47:34","modified_gmt":"2023-12-22T16:47:34","slug":"nochevieja","status":"publish","type":"page","link":"https:\/\/cocinairis.com\/es\/nochevieja\/","title":{"rendered":"NOCHEVIEJA"},"content":{"rendered":"\t\t<div data-elementor-type=\"wp-page\" data-elementor-id=\"5766\" class=\"elementor elementor-5766 elementor-5742\" data-elementor-post-type=\"page\">\n\t\t\t\t\t\t<section class=\"elementor-section elementor-top-section elementor-element elementor-element-11a52c45 elementor-section-full_width elementor-section-stretched elementor-section-height-default elementor-section-height-default\" data-id=\"11a52c45\" data-element_type=\"section\" data-settings=\"{&quot;stretch_section&quot;:&quot;section-stretched&quot;,&quot;background_background&quot;:&quot;classic&quot;}\">\n\t\t\t\t\t\t\t<div class=\"elementor-background-overlay\"><\/div>\n\t\t\t\t\t\t\t<div class=\"elementor-container elementor-column-gap-default\">\n\t\t\t\t\t<div class=\"elementor-column elementor-col-100 elementor-top-column elementor-element elementor-element-6106e481\" data-id=\"6106e481\" data-element_type=\"column\" data-settings=\"{&quot;background_background&quot;:&quot;classic&quot;}\">\n\t\t\t<div class=\"elementor-widget-wrap elementor-element-populated\">\n\t\t\t\t\t\t<div class=\"elementor-element elementor-element-65ffd21b elementor-widget elementor-widget-heading\" data-id=\"65ffd21b\" data-element_type=\"widget\" data-widget_type=\"heading.default\">\n\t\t\t\t<div class=\"elementor-widget-container\">\n\t\t\t<h3 class=\"elementor-heading-title elementor-size-default\">NOCHEVIEJA 2023\/2024\nTAPAS<\/h3>\t\t<\/div>\n\t\t\t\t<\/div>\n\t\t\t\t\t<\/div>\n\t\t<\/div>\n\t\t\t\t\t<\/div>\n\t\t<\/section>\n\t\t\t\t<section class=\"elementor-section elementor-top-section elementor-element elementor-element-7971140 elementor-section-full_width elementor-section-height-default elementor-section-height-default\" data-id=\"7971140\" data-element_type=\"section\" data-settings=\"{&quot;background_background&quot;:&quot;classic&quot;}\">\n\t\t\t\t\t\t<div class=\"elementor-container elementor-column-gap-default\">\n\t\t\t\t\t<div class=\"elementor-column elementor-col-33 elementor-top-column elementor-element elementor-element-72441d9c\" data-id=\"72441d9c\" data-element_type=\"column\" data-settings=\"{&quot;background_background&quot;:&quot;classic&quot;}\">\n\t\t\t<div class=\"elementor-widget-wrap\">\n\t\t\t\t\t\t\t<\/div>\n\t\t<\/div>\n\t\t\t\t<div class=\"elementor-column elementor-col-33 elementor-top-column elementor-element elementor-element-605e92b\" data-id=\"605e92b\" data-element_type=\"column\" data-settings=\"{&quot;background_background&quot;:&quot;classic&quot;}\">\n\t\t\t<div class=\"elementor-widget-wrap elementor-element-populated\">\n\t\t\t\t\t\t<div class=\"elementor-element elementor-element-e4e64fb elementor-widget elementor-widget-text-editor\" data-id=\"e4e64fb\" data-element_type=\"widget\" data-widget_type=\"text-editor.default\">\n\t\t\t\t<div class=\"elementor-widget-container\">\n\t\t\t\t\t\t\t<div class=\"wpb_text_column wpb_content_element \"><div class=\"wpb_wrapper\"><p>&#8211; Rollo de espinaca relleno de salm\u00f3n ahumado y queso fresco<\/p><p>&#8211; Strudel de espinacas con queso feta<\/p><p>&#8211; Salpic\u00f3n de Gambas<\/p><p>&#8211; Mousse de aguacate con una brocheta de gamba<\/p><p>&#8211; Hamburguesa peque\u00f1a de ternera<\/p><p>&#8211; Escalopito peque\u00f1o de pollo empanado en queso parmesano<\/p><p>&#8211; Rollitos de rosbif rellenos de ensalada Waldorf<\/p><p>&#8211; Ensalada de tomates c\u00f3ctel con bolitas de mozzarella y albahaca fresca<\/p><p>&#8211; Tapa de tortilla espa\u00f1ola<\/p><p>&#8211; Mousse de Gofio<\/p><p>&#8211; Panna cotta con frutos<\/p><p>12 uvas sin semillas<\/p><p><strong>POR PERSONA 49,50\u20ac<\/strong><\/p><\/div><\/div>\t\t\t\t\t\t<\/div>\n\t\t\t\t<\/div>\n\t\t\t\t<div class=\"elementor-element elementor-element-c8fdf5b elementor-widget elementor-widget-text-editor\" data-id=\"c8fdf5b\" data-element_type=\"widget\" data-widget_type=\"text-editor.default\">\n\t\t\t\t<div class=\"elementor-widget-container\">\n\t\t\t\t\t\t\t<div class=\"wpb_text_column wpb_content_element \"><div class=\"wpb_wrapper\"><p><strong>MENU 2<\/strong><\/p><p>CALDO DE CARNE DE VACA CON BOLAS DE SEM\u00d3LA<\/p><p>***<\/p><p>Rollo de espinaca rellena con salm\u00f3n ahumado y queso fresco<\/p><p>***<\/p><p>Carne de cerdo asado ahumado con salsa de miel, papas gratinado y verduras de col savoy<\/p><p>***<\/p><p>CREMA DE RAFFAELLO CON FRAMBUESAS<\/p><p>39,50\u20ac<\/p><\/div><\/div>\t\t\t\t\t\t<\/div>\n\t\t\t\t<\/div>\n\t\t\t\t<div class=\"elementor-element elementor-element-a84ab51 elementor-widget elementor-widget-text-editor\" data-id=\"a84ab51\" data-element_type=\"widget\" data-widget_type=\"text-editor.default\">\n\t\t\t\t<div class=\"elementor-widget-container\">\n\t\t\t\t\t\t\t<div class=\"wpb_text_column wpb_content_element \"><div class=\"wpb_wrapper\"><p><strong>EXTRAS<\/strong><\/p><p>ROASTBEEF EN LONCHAS 100g 4,50\u20ac<\/p><p>ENSALADA DE GAMBAS CON PIMIENTO 100g 4,50\u20ac<\/p><p>CARNE DE CERDO RELLENO CON CEBOLLAS Y BEICON ( 2,5kg)\u00a077,00\u20ac<\/p><p>ENSALADA DE PAPA ESTILLO ALEM\u00c1N CON BEICON Y CEBOLLAS<\/p><p>O JOGUR Y ENELDO O MAYONNAISA CASERA Y HUEVO COCIDO\u00a01 kg 15,00\u20ac<\/p><p><strong>FONDUE<\/strong><\/p><p>SOLOMILLIO DE TERNERA EN CUBITOS 100g 8,00\u20ac<\/p><p>VARIADAS DE SALSAS POR FONDUE 100g. 3,50\u20ac<\/p><p><strong>OFERTA DIA DE NAVIDAD !!!!!<\/strong><\/p><p>LICOR DE HUEVO CASERO 0,5l 12,50\u20ac<\/p><p>LICOR DE BAILEYS CASERO 0,5l\u00a012,50\u20ac<\/p><p>LICOR DE RAFFAELLO CASERO 0,5l 12,50\u20ac<\/p><p>GALLETAS CASERAS EN UN BOLSA DE NAVIDAD 250g 12,50\u20ac<\/p><p>500g STOLLEN DE NAVIDAD CASERO 14,50\u20ac<\/p><p>500g STOLLEN DE MARZAP\u00c1N CASERO 14,50\u20ac<\/p><\/div><\/div>\t\t\t\t\t\t<\/div>\n\t\t\t\t<\/div>\n\t\t\t\t\t<\/div>\n\t\t<\/div>\n\t\t\t\t<div class=\"elementor-column elementor-col-33 elementor-top-column elementor-element elementor-element-e6ecc8a\" data-id=\"e6ecc8a\" data-element_type=\"column\" data-settings=\"{&quot;background_background&quot;:&quot;classic&quot;}\">\n\t\t\t<div class=\"elementor-widget-wrap elementor-element-populated\">\n\t\t\t\t\t\t<div class=\"elementor-element elementor-element-148e3a9 elementor-widget elementor-widget-text-editor\" data-id=\"148e3a9\" data-element_type=\"widget\" data-widget_type=\"text-editor.default\">\n\t\t\t\t<div class=\"elementor-widget-container\">\n\t\t\t\t\t\t\t<p><strong>Solo con reserva previa<\/strong><\/p><script type=\"text\/javascript\">var gform;gform||(document.addEventListener(\"gform_main_scripts_loaded\",function(){gform.scriptsLoaded=!0}),document.addEventListener(\"gform\/theme\/scripts_loaded\",function(){gform.themeScriptsLoaded=!0}),window.addEventListener(\"DOMContentLoaded\",function(){gform.domLoaded=!0}),gform={domLoaded:!1,scriptsLoaded:!1,themeScriptsLoaded:!1,isFormEditor:()=>\"function\"==typeof InitializeEditor,callIfLoaded:function(o){return!(!gform.domLoaded||!gform.scriptsLoaded||!gform.themeScriptsLoaded&&!gform.isFormEditor()||(gform.isFormEditor()&&console.warn(\"The use of gform.initializeOnLoaded() is deprecated in the form editor context and will be removed in Gravity Forms 3.1.\"),o(),0))},initializeOnLoaded:function(o){gform.callIfLoaded(o)||(document.addEventListener(\"gform_main_scripts_loaded\",()=>{gform.scriptsLoaded=!0,gform.callIfLoaded(o)}),document.addEventListener(\"gform\/theme\/scripts_loaded\",()=>{gform.themeScriptsLoaded=!0,gform.callIfLoaded(o)}),window.addEventListener(\"DOMContentLoaded\",()=>{gform.domLoaded=!0,gform.callIfLoaded(o)}))},hooks:{action:{},filter:{}},addAction:function(o,r,e,t){gform.addHook(\"action\",o,r,e,t)},addFilter:function(o,r,e,t){gform.addHook(\"filter\",o,r,e,t)},doAction:function(o){gform.doHook(\"action\",o,arguments)},applyFilters:function(o){return gform.doHook(\"filter\",o,arguments)},removeAction:function(o,r){gform.removeHook(\"action\",o,r)},removeFilter:function(o,r,e){gform.removeHook(\"filter\",o,r,e)},addHook:function(o,r,e,t,n){null==gform.hooks[o][r]&&(gform.hooks[o][r]=[]);var d=gform.hooks[o][r];null==n&&(n=r+\"_\"+d.length),gform.hooks[o][r].push({tag:n,callable:e,priority:t=null==t?10:t})},doHook:function(r,o,e){var t;if(e=Array.prototype.slice.call(e,1),null!=gform.hooks[r][o]&&((o=gform.hooks[r][o]).sort(function(o,r){return o.priority-r.priority}),o.forEach(function(o){\"function\"!=typeof(t=o.callable)&&(t=window[t]),\"action\"==r?t.apply(null,e):e[0]=t.apply(null,e)})),\"filter\"==r)return e[0]},removeHook:function(o,r,t,n){var e;null!=gform.hooks[o][r]&&(e=(e=gform.hooks[o][r]).filter(function(o,r,e){return!!(null!=n&&n!=o.tag||null!=t&&t!=o.priority)}),gform.hooks[o][r]=e)}});<\/script>\n                <div class='gf_browser_gecko gform_wrapper gravity-theme gform-theme--no-framework' data-form-theme='gravity-theme' data-form-index='0' id='gform_wrapper_29' >\n                        <div class='gform_heading'>\n                            <p class='gform_description'><\/p>\n\t\t\t\t\t\t\t<p class='gform_required_legend'>&quot;<span class=\"gfield_required gfield_required_asterisk\">*<\/span>&quot; se\u00f1ala los campos obligatorios<\/p>\n                        <\/div><form method='post' enctype='multipart\/form-data'  id='gform_29'  action='\/es\/wp-json\/wp\/v2\/pages\/5766' data-formid='29' novalidate>\n                        <div class='gform-body gform_body'><div id='gform_fields_29' class='gform_fields top_label form_sublabel_above description_above validation_below'><div id=\"field_29_13\" class=\"gfield gfield--type-text gfield--width-half gfield_contains_required field_sublabel_above gfield--no-description field_description_below field_validation_below gfield_visibility_visible\"  data-js-reload=\"field_29_13\" ><label class='gfield_label gform-field-label' for='input_29_13'>Nombre<span class=\"gfield_required\"><span class=\"gfield_required gfield_required_asterisk\">*<\/span><\/span><\/label><div class='ginput_container ginput_container_text'><input name='input_13' id='input_29_13' type='text' value='' class='large'     aria-required=\"true\" aria-invalid=\"false\"   \/><\/div><\/div><div id=\"field_29_14\" class=\"gfield gfield--type-text gfield--width-half gfield_contains_required field_sublabel_above gfield--no-description field_description_above field_validation_below gfield_visibility_visible\"  data-js-reload=\"field_29_14\" ><label class='gfield_label gform-field-label' for='input_29_14'>Apellido<span class=\"gfield_required\"><span class=\"gfield_required gfield_required_asterisk\">*<\/span><\/span><\/label><div class='ginput_container ginput_container_text'><input name='input_14' id='input_29_14' type='text' value='' class='large'     aria-required=\"true\" aria-invalid=\"false\"   \/><\/div><\/div><div id=\"field_29_20\" class=\"gfield gfield--type-email gfield--width-half gfield_contains_required field_sublabel_above gfield--no-description field_description_below field_validation_below gfield_visibility_visible\"  data-js-reload=\"field_29_20\" ><label class='gfield_label gform-field-label' for='input_29_20'>correo electr\u00f3nico<span class=\"gfield_required\"><span class=\"gfield_required gfield_required_asterisk\">*<\/span><\/span><\/label><div class='ginput_container ginput_container_email'>\n                            <input name='input_20' id='input_29_20' type='email' value='' class='large'    aria-required=\"true\" aria-invalid=\"false\"  \/>\n                        <\/div><\/div><div id=\"field_29_3\" class=\"gfield gfield--type-phone gfield--width-half gfield_contains_required field_sublabel_above gfield--no-description field_description_above field_validation_below gfield_visibility_visible\"  data-js-reload=\"field_29_3\" ><label class='gfield_label gform-field-label' for='input_29_3'>Telefono<span class=\"gfield_required\"><span class=\"gfield_required gfield_required_asterisk\">*<\/span><\/span><\/label><div class='ginput_container ginput_container_phone'><input name='input_3' id='input_29_3' type='tel' value='' class='large'   aria-required=\"true\" aria-invalid=\"false\"   \/><\/div><\/div><div id=\"field_29_19\" class=\"gfield gfield--type-text gfield--width-third gfield_contains_required field_sublabel_above gfield--no-description field_description_above field_validation_below gfield_visibility_visible\"  data-js-reload=\"field_29_19\" ><label class='gfield_label gform-field-label' for='input_29_19'>Calle<span class=\"gfield_required\"><span class=\"gfield_required gfield_required_asterisk\">*<\/span><\/span><\/label><div class='ginput_container ginput_container_text'><input name='input_19' id='input_29_19' type='text' value='' class='large'     aria-required=\"true\" aria-invalid=\"false\"   \/><\/div><\/div><div id=\"field_29_18\" class=\"gfield gfield--type-text gfield--width-third gfield_contains_required field_sublabel_above gfield--no-description field_description_above field_validation_below gfield_visibility_visible\"  data-js-reload=\"field_29_18\" ><label class='gfield_label gform-field-label' for='input_29_18'>C\u00f3digo postal<span class=\"gfield_required\"><span class=\"gfield_required gfield_required_asterisk\">*<\/span><\/span><\/label><div class='ginput_container ginput_container_text'><input name='input_18' id='input_29_18' type='text' value='' class='large'     aria-required=\"true\" aria-invalid=\"false\"   \/><\/div><\/div><div id=\"field_29_22\" class=\"gfield gfield--type-text gfield--width-third gfield_contains_required field_sublabel_above gfield--no-description field_description_above field_validation_below gfield_visibility_visible\"  data-js-reload=\"field_29_22\" ><label class='gfield_label gform-field-label' for='input_29_22'>Ubicaci\u00f3n<span class=\"gfield_required\"><span class=\"gfield_required gfield_required_asterisk\">*<\/span><\/span><\/label><div class='ginput_container ginput_container_text'><input name='input_22' id='input_29_22' type='text' value='' class='large'     aria-required=\"true\" aria-invalid=\"false\"   \/><\/div><\/div><div id=\"field_29_56\" class=\"gfield gfield--type-select gfield--width-full gfield_contains_required field_sublabel_above gfield--no-description field_description_above field_validation_below gfield_visibility_visible\"  data-js-reload=\"field_29_56\" ><label class='gfield_label gform-field-label' for='input_29_56'>NOCHEVIEJA 2023\/2024 TAPAS<span class=\"gfield_required\"><span class=\"gfield_required gfield_required_asterisk\">*<\/span><\/span><\/label><div class='ginput_container ginput_container_select'><select name='input_56' id='input_29_56' class='large gfield_select'    aria-required=\"true\" aria-invalid=\"false\" ><option value='1 Person' >1 Person<\/option><option value='2 Personas' >2 Personas<\/option><option value='3 Personas' >3 Personas<\/option><option value='4 Personas' >4 Personas<\/option><option value='5 Personas' >5 Personas<\/option><option value='6 Personas' >6 Personas<\/option><option value='7 Personas' >7 Personas<\/option><option value='8 Personas' >8 Personas<\/option><option value='9 Personas' >9 Personas<\/option><option value='10 Personas' >10 Personas<\/option><\/select><\/div><\/div><div id=\"field_29_57\" class=\"gfield gfield--type-honeypot gform_validation_container field_sublabel_above gfield--has-description field_description_above field_validation_below gfield_visibility_visible\"  data-js-reload=\"field_29_57\" ><label class='gfield_label gform-field-label' for='input_29_57'>Comments<\/label><div class='gfield_description' id='gfield_description_29_57'>Este campo es un campo de validaci\u00f3n y debe quedar sin cambios.<\/div><div class='ginput_container'><input name='input_57' id='input_29_57' type='text' value='' autocomplete='new-password'\/><\/div><\/div><\/div><\/div>\n        <div class='gform-footer gform_footer top_label'> <input type='submit' id='gform_submit_button_29' class='gform_button button gform-button--width-full' onclick='gform.submission.handleButtonClick(this);' value='PRE-ORDENAR AHORA (WhatsApp)'  \/> \n            <input type='hidden' class='gform_hidden' name='gform_submission_method' data-js='gform_submission_method_29' value='postback' \/>\n            <input type='hidden' class='gform_hidden' name='gform_theme' data-js='gform_theme_29' id='gform_theme_29' value='gravity-theme' \/>\n            <input type='hidden' class='gform_hidden' name='gform_style_settings' data-js='gform_style_settings_29' id='gform_style_settings_29' value='' \/>\n            <input type='hidden' class='gform_hidden' name='is_submit_29' value='1' \/>\n            <input type='hidden' class='gform_hidden' name='gform_submit' value='29' \/>\n            \n            <input type='hidden' class='gform_hidden' name='gform_unique_id' value='' \/>\n            <input type='hidden' class='gform_hidden' name='state_29' value='WyJ7XCI1NlwiOltcIjEzMGRmODU5ZGUyYjU2Mjc1NTM3OWNkNzY0YmRiNTc5XCIsXCIxZWNkZmFkMmYxMTJkODhhMDJjZTE0ZGIyOGVjYjg5NVwiLFwiM2Y4NDI4ZjE5MWUxMWI5YTk3NGQ0NWE1ZGUwYjZkYzdcIixcIjBkYmE5ZTMxNTljZTAwZGUzNjdkM2FjMWJhMGU3NjMyXCIsXCIyOGM1YmZjZGEzOWM3ODQyNTg1ODkwMjQ2NWYyN2RiZlwiLFwiZDRkZDBlODE3MTg2YzgxYTA0OTJlYWMyYjRmMjI1MDJcIixcIjZmZDI0OTE3MmQxOTU3NTAzNmZhY2MyNzI0OWU4OGM2XCIsXCI1MTU2YjFjOGFmZjFlNzYxNzM0ZDNiMWJjZjg5NDU2MlwiLFwiY2IzMDcyOTliMjUxNDEzMDkwMTUzZjExZTk1NWJlYjZcIixcIjgzYWRjZGJkNzE4MjI5ZTIzMjE1ZmJlNjRhNmU4YTY3XCJdfSIsImU1YWZiNzNhZjM2NWVkNDJhZmJlY2IyNzgwMGIwNjQ4Il0=' \/>\n            <input type='hidden' autocomplete='off' class='gform_hidden' name='gform_target_page_number_29' id='gform_target_page_number_29' value='0' \/>\n            <input type='hidden' autocomplete='off' class='gform_hidden' name='gform_source_page_number_29' id='gform_source_page_number_29' value='1' \/>\n            <input type='hidden' name='gform_field_values' value='' \/>\n            \n        <\/div>\n                        <\/form>\n                        <\/div><script type=\"text\/javascript\">\n\/* <![CDATA[ *\/\n gform.initializeOnLoaded( function() {gformInitSpinner( 29, 'https:\/\/cocinairis.com\/wp-content\/plugins\/gravityforms\/images\/spinner.svg', true );jQuery('#gform_ajax_frame_29').on('load',function(){var contents = jQuery(this).contents().find('*').html();var is_postback = contents.indexOf('GF_AJAX_POSTBACK') >= 0;if(!is_postback){return;}var form_content = jQuery(this).contents().find('#gform_wrapper_29');var is_confirmation = jQuery(this).contents().find('#gform_confirmation_wrapper_29').length > 0;var is_redirect = contents.indexOf('gformRedirect(){') >= 0;var is_form = form_content.length > 0 && ! is_redirect && ! is_confirmation;var mt = parseInt(jQuery('html').css('margin-top'), 10) + parseInt(jQuery('body').css('margin-top'), 10) + 100;if(is_form){jQuery('#gform_wrapper_29').html(form_content.html());if(form_content.hasClass('gform_validation_error')){jQuery('#gform_wrapper_29').addClass('gform_validation_error');} else {jQuery('#gform_wrapper_29').removeClass('gform_validation_error');}setTimeout( function() { \/* delay the scroll by 50 milliseconds to fix a bug in chrome *\/  }, 50 );if(window['gformInitDatepicker']) {gformInitDatepicker();}if(window['gformInitPriceFields']) {gformInitPriceFields();}var current_page = jQuery('#gform_source_page_number_29').val();gformInitSpinner( 29, 'https:\/\/cocinairis.com\/wp-content\/plugins\/gravityforms\/images\/spinner.svg', true );jQuery(document).trigger('gform_page_loaded', [29, current_page]);window['gf_submitting_29'] = false;}else if(!is_redirect){var confirmation_content = jQuery(this).contents().find('.GF_AJAX_POSTBACK').html();if(!confirmation_content){confirmation_content = contents;}jQuery('#gform_wrapper_29').replaceWith(confirmation_content);jQuery(document).trigger('gform_confirmation_loaded', [29]);window['gf_submitting_29'] = false;wp.a11y.speak(jQuery('#gform_confirmation_message_29').text());}else{jQuery('#gform_29').append(contents);if(window['gformRedirect']) {gformRedirect();}}jQuery(document).trigger(\"gform_pre_post_render\", [{ formId: \"29\", currentPage: \"current_page\", abort: function() { this.preventDefault(); } }]);                if (event && event.defaultPrevented) {                return;         }        const gformWrapperDiv = document.getElementById( \"gform_wrapper_29\" );        if ( gformWrapperDiv ) {            const visibilitySpan = document.createElement( \"span\" );            visibilitySpan.id = \"gform_visibility_test_29\";            gformWrapperDiv.insertAdjacentElement( \"afterend\", visibilitySpan );        }        const visibilityTestDiv = document.getElementById( \"gform_visibility_test_29\" );        let postRenderFired = false;                function triggerPostRender() {            if ( postRenderFired ) {                return;            }            postRenderFired = true;            jQuery( document ).trigger( 'gform_post_render', [29, current_page] );            gform.utils.trigger( { event: 'gform\/postRender', native: false, data: { formId: 29, currentPage: current_page } } );            gform.utils.trigger( { event: 'gform\/post_render', native: false, data: { formId: 29, currentPage: current_page } } );            if ( visibilityTestDiv ) {                visibilityTestDiv.parentNode.removeChild( visibilityTestDiv );            }        }        function debounce( func, wait, immediate ) {            var timeout;            return function() {                var context = this, args = arguments;                var later = function() {                    timeout = null;                    if ( !immediate ) func.apply( context, args );                };                var callNow = immediate && !timeout;                clearTimeout( timeout );                timeout = setTimeout( later, wait );                if ( callNow ) func.apply( context, args );            };        }        const debouncedTriggerPostRender = debounce( function() {            triggerPostRender();        }, 200 );        if ( visibilityTestDiv && visibilityTestDiv.offsetParent === null ) {            const observer = new MutationObserver( ( mutations ) => {                mutations.forEach( ( mutation ) => {                    if ( mutation.type === 'attributes' && visibilityTestDiv.offsetParent !== null ) {                        debouncedTriggerPostRender();                        observer.disconnect();                    }                });            });            observer.observe( document.body, {                attributes: true,                childList: false,                subtree: true,                attributeFilter: [ 'style', 'class' ],            });        } else {            triggerPostRender();        }    } );} ); \n\/* ]]> *\/\n<\/script>\n\t\t\t\t\t\t<\/div>\n\t\t\t\t<\/div>\n\t\t\t\t\t<\/div>\n\t\t<\/div>\n\t\t\t\t\t<\/div>\n\t\t<\/section>\n\t\t\t\t<\/div>\n\t\t","protected":false},"excerpt":{"rendered":"<p>Navidad 2022 MENU 1 CALDO DE CARNE DE VACA CON BOLAS DE SEM\u00d3LA *** Rollo de espinaca rellena con salm\u00f3n ahumado y queso fresco *** Rollo de ternera rellena con beicon y pepinillo en salsa de vino tinto Alb\u00f3ndigas de papas caseras y verduras de col lombardo con manzana *** CREMA DE RAFFAELLO CON FRAMBUESAS&#8230;<\/p>\n","protected":false},"author":1,"featured_media":0,"parent":0,"menu_order":0,"comment_status":"closed","ping_status":"open","template":"elementor_header_footer","meta":{"_seopress_robots_primary_cat":"","_seopress_titles_title":"","_seopress_titles_desc":"","_seopress_robots_index":"","footnotes":""},"class_list":["post-5766","page","type-page","status-publish","hentry"],"_links":{"self":[{"href":"https:\/\/cocinairis.com\/es\/wp-json\/wp\/v2\/pages\/5766","targetHints":{"allow":["GET"]}}],"collection":[{"href":"https:\/\/cocinairis.com\/es\/wp-json\/wp\/v2\/pages"}],"about":[{"href":"https:\/\/cocinairis.com\/es\/wp-json\/wp\/v2\/types\/page"}],"author":[{"embeddable":true,"href":"https:\/\/cocinairis.com\/es\/wp-json\/wp\/v2\/users\/1"}],"replies":[{"embeddable":true,"href":"https:\/\/cocinairis.com\/es\/wp-json\/wp\/v2\/comments?post=5766"}],"version-history":[{"count":0,"href":"https:\/\/cocinairis.com\/es\/wp-json\/wp\/v2\/pages\/5766\/revisions"}],"wp:attachment":[{"href":"https:\/\/cocinairis.com\/es\/wp-json\/wp\/v2\/media?parent=5766"}],"curies":[{"name":"wp","href":"https:\/\/api.w.org\/{rel}","templated":true}]}}