{"id":2719,"date":"2021-12-14T09:06:50","date_gmt":"2021-12-14T09:06:50","guid":{"rendered":"https:\/\/cocinairis.com\/newsletter-anmeldung\/"},"modified":"2021-12-14T09:11:55","modified_gmt":"2021-12-14T09:11:55","slug":"boletin-suscribete","status":"publish","type":"page","link":"https:\/\/cocinairis.com\/es\/boletin-suscribete\/","title":{"rendered":"Bolet\u00edn"},"content":{"rendered":"<p>[newsletter_signup]Suscr\u00edbete al bolet\u00edn[newsletter_signup_form id=1][\/newsletter_signup]<\/p>\n\r\n\r\n<p>[newsletter_confirm]\u00a1Gracias por registrarte![\/newsletter_confirm]<\/p>\n\r\n\r\n<p>[newsletter_unsubscribe]\u00bfEst\u00e1s seguro de que quieres darte de baja?[\/newsletter_unsubscribe]<\/p>\n","protected":false},"excerpt":{"rendered":"","protected":false},"author":1,"featured_media":0,"parent":0,"menu_order":0,"comment_status":"closed","ping_status":"open","template":"","meta":{"_seopress_robots_primary_cat":"","_seopress_titles_title":"","_seopress_titles_desc":"","_seopress_robots_index":"","footnotes":""},"class_list":["post-2719","page","type-page","status-publish","hentry"],"_links":{"self":[{"href":"https:\/\/cocinairis.com\/es\/wp-json\/wp\/v2\/pages\/2719","targetHints":{"allow":["GET"]}}],"collection":[{"href":"https:\/\/cocinairis.com\/es\/wp-json\/wp\/v2\/pages"}],"about":[{"href":"https:\/\/cocinairis.com\/es\/wp-json\/wp\/v2\/types\/page"}],"author":[{"embeddable":true,"href":"https:\/\/cocinairis.com\/es\/wp-json\/wp\/v2\/users\/1"}],"replies":[{"embeddable":true,"href":"https:\/\/cocinairis.com\/es\/wp-json\/wp\/v2\/comments?post=2719"}],"version-history":[{"count":0,"href":"https:\/\/cocinairis.com\/es\/wp-json\/wp\/v2\/pages\/2719\/revisions"}],"wp:attachment":[{"href":"https:\/\/cocinairis.com\/es\/wp-json\/wp\/v2\/media?parent=2719"}],"curies":[{"name":"wp","href":"https:\/\/api.w.org\/{rel}","templated":true}]}}