{"id":1518,"date":"2021-11-29T09:14:21","date_gmt":"2021-11-29T09:14:21","guid":{"rendered":"https:\/\/i2.local\/cart\/"},"modified":"2021-12-12T17:00:52","modified_gmt":"2021-12-12T17:00:52","slug":"cart","status":"publish","type":"page","link":"https:\/\/cocinairis.com\/en\/cart\/","title":{"rendered":"Cart"},"content":{"rendered":"\t\t<div data-elementor-type=\"wp-page\" data-elementor-id=\"1518\" class=\"elementor elementor-1518 elementor-9\" data-elementor-post-type=\"page\">\n\t\t\t\t\t\t<nav class=\"elementor-section elementor-top-section elementor-element elementor-element-76da5c49 elementor-section-content-middle elementor-section-boxed elementor-section-height-default elementor-section-height-default\" data-id=\"76da5c49\" data-element_type=\"section\">\n\t\t\t\t\t\t<div class=\"elementor-container elementor-column-gap-default\">\n\t\t\t\t\t<div class=\"elementor-column elementor-col-100 elementor-top-column elementor-element elementor-element-1562113\" data-id=\"1562113\" data-element_type=\"column\">\n\t\t\t<div class=\"elementor-widget-wrap\">\n\t\t\t\t\t\t\t<\/div>\n\t\t<\/div>\n\t\t\t\t\t<\/div>\n\t\t<\/nav>\n\t\t\t\t<\/div>\n\t\t","protected":false},"excerpt":{"rendered":"<p>&nbsp; &nbsp; Produkt Preis Anzahl Zwischensumme &times; Weihnachten 2021 FRISCH GEBACKENE PL\u00c4TZCHEN:: Heidesand Pl\u00e4tzchen + 3,50&nbsp;&euro; FRISCH GEBACKENE PL\u00c4TZCHEN:: Zimtsterne + 3,50&nbsp;&euro; FRISCH GEBACKENE PL\u00c4TZCHEN:: Cranberrypl\u00e4tzchen + 3,50&nbsp;&euro; FRISCH GEBACKENE PL\u00c4TZCHEN:: Kleine Weihnachtsdose + 12,50&nbsp;&euro; HAUSGEMACHTE LIK\u00d6RE:: EIERLIK\u00d6R + 12,50&nbsp;&euro; Weihnachtsstollen:: Weihnachtsstollen 500g + 12,50&nbsp;&euro; Weihnachtsstollen:: Marzipanstollen 500g + 12,50&nbsp;&euro; 60,50&nbsp;&euro; Weihnachten 2021 Menge 60,50&nbsp;&euro;&#8230;<\/p>\n","protected":false},"author":1,"featured_media":0,"parent":0,"menu_order":0,"comment_status":"closed","ping_status":"open","template":"elementor_header_footer","meta":{"_seopress_robots_primary_cat":"","_seopress_titles_title":"","_seopress_titles_desc":"","_seopress_robots_index":"","footnotes":""},"class_list":["post-1518","page","type-page","status-publish","hentry"],"_links":{"self":[{"href":"https:\/\/cocinairis.com\/en\/wp-json\/wp\/v2\/pages\/1518","targetHints":{"allow":["GET"]}}],"collection":[{"href":"https:\/\/cocinairis.com\/en\/wp-json\/wp\/v2\/pages"}],"about":[{"href":"https:\/\/cocinairis.com\/en\/wp-json\/wp\/v2\/types\/page"}],"author":[{"embeddable":true,"href":"https:\/\/cocinairis.com\/en\/wp-json\/wp\/v2\/users\/1"}],"replies":[{"embeddable":true,"href":"https:\/\/cocinairis.com\/en\/wp-json\/wp\/v2\/comments?post=1518"}],"version-history":[{"count":0,"href":"https:\/\/cocinairis.com\/en\/wp-json\/wp\/v2\/pages\/1518\/revisions"}],"wp:attachment":[{"href":"https:\/\/cocinairis.com\/en\/wp-json\/wp\/v2\/media?parent=1518"}],"curies":[{"name":"wp","href":"https:\/\/api.w.org\/{rel}","templated":true}]}}